{"id":1604,"date":"2020-02-13T12:56:03","date_gmt":"2020-02-13T12:56:03","guid":{"rendered":"https:\/\/unepmeba.org\/?page_id=1604"},"modified":"2020-03-20T18:03:18","modified_gmt":"2020-03-20T18:03:18","slug":"aviso-legal","status":"publish","type":"page","link":"https:\/\/unepmeba.org\/es\/aviso-legal\/","title":{"rendered":"Aviso legal"},"content":{"rendered":"<div id=\"cs-content\" class=\"cs-content\"><div class=\"x-section e1604-1 m18k-0 m18k-1\"><div class=\"x-row x-container max width e1604-2 m18k-3\"><div class=\"x-row-inner\"><div class=\"x-col e1604-3 m18k-4\"><div class=\"x-text x-text-headline e1604-4 m18k-5 m18k-6\"><div class=\"x-text-content\"><div class=\"x-text-content-text\"><h1 class=\"x-text-content-text-primary\">Aviso legal<\/h1><\/div><\/div><\/div><\/div><\/div><\/div><\/div><div class=\"x-section e1604-5 m18k-0 m18k-2\"><div class=\"x-row x-container max width e1604-6 m18k-3\"><div class=\"x-row-inner\"><div class=\"x-col e1604-7 m18k-4\"><div class=\"x-text x-text-headline e1604-8 m18k-5 m18k-7\"><div class=\"x-text-content\"><div class=\"x-text-content-text\"><h2 class=\"x-text-content-text-primary\">Contacto<\/h2><\/div><\/div><\/div><div class=\"x-text e1604-9 m18k-8\"><p>United Nation Environment Programme<br \/>\nRegional Office for Latin America and the Caribbean<\/p>\n\n<p>Clayton, Ciudad del Saber - Avenida Morse, Edificio 103<br \/>\nCorregimiento de Anc\u00f3n - Ciudad de Panam\u00e1, PANAM\u00c1<\/p>\n\n<p>Direct: (507) 305-3166<br \/>Telephone: (507) 305-3100<br \/>\nFax: (507) 305-3105<br \/>\nP.O. Box: 0843-03590<\/p>\n\n<p><a href=\"https:\/\/unepmeba.org\/\" target=\"_blank\">unepmeba.org<\/a><br \/>\nResponsible for content: Jacinto Buenfil<br \/>\n<a href=\"mailto:jacinto.buenfil@un.org \">jacinto.buenfil[a]un.org<\/a>\n<\/p><\/div><\/div><\/div><\/div><\/div><\/div>\n","protected":false},"excerpt":{"rendered":"<p>Aviso legalContactoUnited Nation Environment Programme Regional Office for Latin America and the Caribbean Clayton, Ciudad del Saber &#8211; Avenida Morse, Edificio 103 Corregimiento de Anc\u00f3n &#8211; Ciudad de Panam\u00e1, PANAM\u00c1 Direct: (507) 305-3166Telephone: (507) 305-3100 Fax: (507) 305-3105 P.O. Box: 0843-03590 unepmeba.org Responsible for content: Jacinto Buenfil jacinto.buenfil[a]un.org Aviso legal Contacto United Nation Environment Programme Regional Office for Latin America &#8230; <\/p>\n<div><a href=\"https:\/\/unepmeba.org\/es\/aviso-legal\/\" class=\"more-link\">Read More<\/a><\/div>\n","protected":false},"author":1,"featured_media":0,"parent":0,"menu_order":6,"comment_status":"closed","ping_status":"closed","template":"template-blank-4.php","meta":{"mapsvg_location":""},"categories":[],"tags":[],"yoast_head":"<!-- This site is optimized with the Yoast SEO plugin v17.1 - https:\/\/yoast.com\/wordpress\/plugins\/seo\/ -->\n<title>Aviso legal : MEbA<\/title>\n<meta name=\"description\" content=\"MEbA: The Microfinance for Ecosystem-based-Adaptation to Climate Change (MEbA) project was conceived to promote and support the introduction of specific (micro) financial products and services. The main pillars of the projects are (1) the assistance in the development and implementation of new financial products and services tailored to rural populations that are vulnerable to the effects of climate change (e.g. small agricultural producers and other local actors of the North Andean Region); (2) the provision of customized capacity building to Microfinance Institutions (MFIs); and, (3) awareness raising, carrying out training activities which address identified knowledge gaps and meeting MFI client needs to increase climate change resilience with a focus on Ecosystem-based Adaptation via partnerships with key local technical actors. % % %\" \/>\n<meta name=\"robots\" content=\"noindex, follow\" \/>\n<meta property=\"og:locale\" content=\"es_ES\" \/>\n<meta property=\"og:type\" content=\"article\" \/>\n<meta property=\"og:title\" content=\"Aviso legal : MEbA\" \/>\n<meta property=\"og:description\" content=\"MEbA: The Microfinance for Ecosystem-based-Adaptation to Climate Change (MEbA) project was conceived to promote and support the introduction of specific (micro) financial products and services. The main pillars of the projects are (1) the assistance in the development and implementation of new financial products and services tailored to rural populations that are vulnerable to the effects of climate change (e.g. small agricultural producers and other local actors of the North Andean Region); (2) the provision of customized capacity building to Microfinance Institutions (MFIs); and, (3) awareness raising, carrying out training activities which address identified knowledge gaps and meeting MFI client needs to increase climate change resilience with a focus on Ecosystem-based Adaptation via partnerships with key local technical actors. % % %\" \/>\n<meta property=\"og:url\" content=\"https:\/\/unepmeba.org\/es\/aviso-legal\/\" \/>\n<meta property=\"og:site_name\" content=\"MEbA\" \/>\n<meta property=\"article:modified_time\" content=\"2020-03-20T18:03:18+00:00\" \/>\n<meta name=\"twitter:card\" content=\"summary_large_image\" \/>\n<meta name=\"twitter:label1\" content=\"Tiempo de lectura\" \/>\n\t<meta name=\"twitter:data1\" content=\"1 minuto\" \/>\n<script type=\"application\/ld+json\" class=\"yoast-schema-graph\">{\"@context\":\"https:\/\/schema.org\",\"@graph\":[{\"@type\":\"Organization\",\"@id\":\"https:\/\/unepmeba.org\/#organization\",\"name\":\"UNEP\",\"url\":\"https:\/\/unepmeba.org\/\",\"sameAs\":[],\"logo\":{\"@type\":\"ImageObject\",\"@id\":\"https:\/\/unepmeba.org\/#logo\",\"inLanguage\":\"es\",\"url\":\"https:\/\/unepmeba.org\/wp-content\/uploads\/2019\/12\/UNEP_2019_English.png\",\"contentUrl\":\"https:\/\/unepmeba.org\/wp-content\/uploads\/2019\/12\/UNEP_2019_English.png\",\"width\":228,\"height\":166,\"caption\":\"UNEP\"},\"image\":{\"@id\":\"https:\/\/unepmeba.org\/#logo\"}},{\"@type\":\"WebSite\",\"@id\":\"https:\/\/unepmeba.org\/#website\",\"url\":\"https:\/\/unepmeba.org\/\",\"name\":\"MEbA\",\"description\":\"Microfinance for Ecosystem-based-Adaptation to Climate Change\",\"publisher\":{\"@id\":\"https:\/\/unepmeba.org\/#organization\"},\"potentialAction\":[{\"@type\":\"SearchAction\",\"target\":{\"@type\":\"EntryPoint\",\"urlTemplate\":\"https:\/\/unepmeba.org\/?s={search_term_string}\"},\"query-input\":\"required name=search_term_string\"}],\"inLanguage\":\"es\"},{\"@type\":\"WebPage\",\"@id\":\"https:\/\/unepmeba.org\/es\/aviso-legal\/#webpage\",\"url\":\"https:\/\/unepmeba.org\/es\/aviso-legal\/\",\"name\":\"Aviso legal : MEbA\",\"isPartOf\":{\"@id\":\"https:\/\/unepmeba.org\/#website\"},\"datePublished\":\"2020-02-13T12:56:03+00:00\",\"dateModified\":\"2020-03-20T18:03:18+00:00\",\"description\":\"MEbA: The Microfinance for Ecosystem-based-Adaptation to Climate Change (MEbA) project was conceived to promote and support the introduction of specific (micro) financial products and services. The main pillars of the projects are (1) the assistance in the development and implementation of new financial products and services tailored to rural populations that are vulnerable to the effects of climate change (e.g. small agricultural producers and other local actors of the North Andean Region); (2) the provision of customized capacity building to Microfinance Institutions (MFIs); and, (3) awareness raising, carrying out training activities which address identified knowledge gaps and meeting MFI client needs to increase climate change resilience with a focus on Ecosystem-based Adaptation via partnerships with key local technical actors. % % %\",\"breadcrumb\":{\"@id\":\"https:\/\/unepmeba.org\/es\/aviso-legal\/#breadcrumb\"},\"inLanguage\":\"es\",\"potentialAction\":[{\"@type\":\"ReadAction\",\"target\":[\"https:\/\/unepmeba.org\/es\/aviso-legal\/\"]}]},{\"@type\":\"BreadcrumbList\",\"@id\":\"https:\/\/unepmeba.org\/es\/aviso-legal\/#breadcrumb\",\"itemListElement\":[{\"@type\":\"ListItem\",\"position\":1,\"name\":\"Home\",\"item\":\"https:\/\/unepmeba.org\/es\/pagina-principal\/\"},{\"@type\":\"ListItem\",\"position\":2,\"name\":\"Aviso legal\"}]}]}<\/script>\n<!-- \/ Yoast SEO plugin. -->","yoast_head_json":{"title":"Aviso legal : MEbA","description":"MEbA: The Microfinance for Ecosystem-based-Adaptation to Climate Change (MEbA) project was conceived to promote and support the introduction of specific (micro) financial products and services. The main pillars of the projects are (1) the assistance in the development and implementation of new financial products and services tailored to rural populations that are vulnerable to the effects of climate change (e.g. small agricultural producers and other local actors of the North Andean Region); (2) the provision of customized capacity building to Microfinance Institutions (MFIs); and, (3) awareness raising, carrying out training activities which address identified knowledge gaps and meeting MFI client needs to increase climate change resilience with a focus on Ecosystem-based Adaptation via partnerships with key local technical actors. % % %","robots":{"index":"noindex","follow":"follow"},"og_locale":"es_ES","og_type":"article","og_title":"Aviso legal : MEbA","og_description":"MEbA: The Microfinance for Ecosystem-based-Adaptation to Climate Change (MEbA) project was conceived to promote and support the introduction of specific (micro) financial products and services. The main pillars of the projects are (1) the assistance in the development and implementation of new financial products and services tailored to rural populations that are vulnerable to the effects of climate change (e.g. small agricultural producers and other local actors of the North Andean Region); (2) the provision of customized capacity building to Microfinance Institutions (MFIs); and, (3) awareness raising, carrying out training activities which address identified knowledge gaps and meeting MFI client needs to increase climate change resilience with a focus on Ecosystem-based Adaptation via partnerships with key local technical actors. % % %","og_url":"https:\/\/unepmeba.org\/es\/aviso-legal\/","og_site_name":"MEbA","article_modified_time":"2020-03-20T18:03:18+00:00","twitter_card":"summary_large_image","twitter_misc":{"Tiempo de lectura":"1 minuto"},"schema":{"@context":"https:\/\/schema.org","@graph":[{"@type":"Organization","@id":"https:\/\/unepmeba.org\/#organization","name":"UNEP","url":"https:\/\/unepmeba.org\/","sameAs":[],"logo":{"@type":"ImageObject","@id":"https:\/\/unepmeba.org\/#logo","inLanguage":"es","url":"https:\/\/unepmeba.org\/wp-content\/uploads\/2019\/12\/UNEP_2019_English.png","contentUrl":"https:\/\/unepmeba.org\/wp-content\/uploads\/2019\/12\/UNEP_2019_English.png","width":228,"height":166,"caption":"UNEP"},"image":{"@id":"https:\/\/unepmeba.org\/#logo"}},{"@type":"WebSite","@id":"https:\/\/unepmeba.org\/#website","url":"https:\/\/unepmeba.org\/","name":"MEbA","description":"Microfinance for Ecosystem-based-Adaptation to Climate Change","publisher":{"@id":"https:\/\/unepmeba.org\/#organization"},"potentialAction":[{"@type":"SearchAction","target":{"@type":"EntryPoint","urlTemplate":"https:\/\/unepmeba.org\/?s={search_term_string}"},"query-input":"required name=search_term_string"}],"inLanguage":"es"},{"@type":"WebPage","@id":"https:\/\/unepmeba.org\/es\/aviso-legal\/#webpage","url":"https:\/\/unepmeba.org\/es\/aviso-legal\/","name":"Aviso legal : MEbA","isPartOf":{"@id":"https:\/\/unepmeba.org\/#website"},"datePublished":"2020-02-13T12:56:03+00:00","dateModified":"2020-03-20T18:03:18+00:00","description":"MEbA: The Microfinance for Ecosystem-based-Adaptation to Climate Change (MEbA) project was conceived to promote and support the introduction of specific (micro) financial products and services. The main pillars of the projects are (1) the assistance in the development and implementation of new financial products and services tailored to rural populations that are vulnerable to the effects of climate change (e.g. small agricultural producers and other local actors of the North Andean Region); (2) the provision of customized capacity building to Microfinance Institutions (MFIs); and, (3) awareness raising, carrying out training activities which address identified knowledge gaps and meeting MFI client needs to increase climate change resilience with a focus on Ecosystem-based Adaptation via partnerships with key local technical actors. % % %","breadcrumb":{"@id":"https:\/\/unepmeba.org\/es\/aviso-legal\/#breadcrumb"},"inLanguage":"es","potentialAction":[{"@type":"ReadAction","target":["https:\/\/unepmeba.org\/es\/aviso-legal\/"]}]},{"@type":"BreadcrumbList","@id":"https:\/\/unepmeba.org\/es\/aviso-legal\/#breadcrumb","itemListElement":[{"@type":"ListItem","position":1,"name":"Home","item":"https:\/\/unepmeba.org\/es\/pagina-principal\/"},{"@type":"ListItem","position":2,"name":"Aviso legal"}]}]}},"_links":{"self":[{"href":"https:\/\/unepmeba.org\/es\/wp-json\/wp\/v2\/pages\/1604"}],"collection":[{"href":"https:\/\/unepmeba.org\/es\/wp-json\/wp\/v2\/pages"}],"about":[{"href":"https:\/\/unepmeba.org\/es\/wp-json\/wp\/v2\/types\/page"}],"author":[{"embeddable":true,"href":"https:\/\/unepmeba.org\/es\/wp-json\/wp\/v2\/users\/1"}],"replies":[{"embeddable":true,"href":"https:\/\/unepmeba.org\/es\/wp-json\/wp\/v2\/comments?post=1604"}],"version-history":[{"count":0,"href":"https:\/\/unepmeba.org\/es\/wp-json\/wp\/v2\/pages\/1604\/revisions"}],"wp:attachment":[{"href":"https:\/\/unepmeba.org\/es\/wp-json\/wp\/v2\/media?parent=1604"}],"wp:term":[{"taxonomy":"category","embeddable":true,"href":"https:\/\/unepmeba.org\/es\/wp-json\/wp\/v2\/categories?post=1604"},{"taxonomy":"post_tag","embeddable":true,"href":"https:\/\/unepmeba.org\/es\/wp-json\/wp\/v2\/tags?post=1604"}],"curies":[{"name":"wp","href":"https:\/\/api.w.org\/{rel}","templated":true}]}}