{"id":2840,"date":"2021-07-14T18:48:17","date_gmt":"2021-07-14T18:48:17","guid":{"rendered":"https:\/\/unepmeba.org\/?page_id=2840"},"modified":"2021-07-16T08:11:46","modified_gmt":"2021-07-16T08:11:46","slug":"premio-kipepeo-2021","status":"publish","type":"page","link":"https:\/\/unepmeba.org\/es\/premio-kipepeo-2021\/","title":{"rendered":"Premio Kipepeo 2021"},"content":{"rendered":"<div id=\"cs-content\" class=\"cs-content\"><div class=\"x-section e2840-1 m26w-0 m26w-1 m26w-2\">\n  <div class=\"x-bg\" aria-hidden=\"true\">\n    <div class=\"x-bg-layer-lower-image\" style=\" background-image: url(https:\/\/unepmeba.org\/wp-content\/uploads\/2021\/07\/51200416807_33bf671025_o.jpg); background-repeat: no-repeat; background-position: center; background-size: cover;\"><\/div>      <\/div>\n<div class=\"x-row e2840-2 m26w-7 m26w-8 m26w-9\"><div class=\"x-row-inner\"><div class=\"x-col e2840-3 m26w-b m26w-c\"><div class=\"x-text x-text-headline e2840-4 m26w-f m26w-g\"><div class=\"x-text-content\"><div class=\"x-text-content-text\"><h1 class=\"x-text-content-text-primary\">Premio Kipepeo 2021<\/h1><\/div><\/div><\/div><\/div><div class=\"x-col e2840-5 m26w-b m26w-c m26w-d\"><hr class=\"x-line e2840-6 m26w-i m26w-j\"><\/hr><\/div><\/div><\/div><\/div><div class=\"x-section e2840-7 m26w-0 m26w-2 m26w-3 m26w-4\"><div class=\"x-row x-container max width e2840-8 m26w-7 m26w-9 m26w-a\"><div class=\"x-row-inner\"><div class=\"x-col e2840-9 m26w-b m26w-e\"><div class=\"x-text x-text-headline e2840-10 m26w-g m26w-h\"><div class=\"x-text-content\"><div class=\"x-text-content-text\"><h2 class=\"x-text-content-text-primary\">Las microfinanzas para la adaptaci\u00f3n ganan el premio Kipepeo por su alto impacto ambiental en ALC<\/h2><\/div><\/div><\/div><div class=\"x-text e2840-11 m26w-l m26w-m m26w-n m26w-o\">El nuevo premio anual <a href=\"https:\/\/www.unep.org\/technical-highlight\/kipepeo-award-winners-2021\" target=\"_blank\" style=\"color: #fff; text-decoration: underline;\">Kipepeo del PNUMA<\/a>, que reconoce a los equipos y proyectos que demuestran un esfuerzo y un rendimiento excepcionales para alcanzar los objetivos del PNUMA, fue concedido el martes 29 de junio a la iniciativa de Microfinanzas para la Adaptaci\u00f3n basada en los Ecosistemas, MEbA.<\/div><div class=\"x-text e2840-12 m26w-l m26w-m m26w-n m26w-o\">El premio, en la categor\u00eda de \"Impacto ambiental\", fue aceptado por Marta Moneo, coordinadora del equipo de adaptaci\u00f3n, en representaci\u00f3n de los y las colegas que dise\u00f1aron e implementaron el proyecto. La iniciativa MEbA se centr\u00f3 en explorar el potencial de los microcr\u00e9ditos para catalizar los esfuerzos de adaptaci\u00f3n al cambio clim\u00e1tico basada en la naturaleza para los peque\u00f1os agricultores.<\/div><div class=\"x-text e2840-13 m26w-l m26w-m m26w-o m26w-p\">MEbA fue implementado en seis pa\u00edses de Am\u00e9rica Latina y el Caribe (ALC), Rep\u00fablica Dominicana, Colombia, Ecuador, Per\u00fa, El Salvador y Costa Rica. El proyecto proporcion\u00f3 acceso a productos y servicios de microfinanciaci\u00f3n a la poblaci\u00f3n rural vulnerable desde 2012 para ayudarles a invertir en soluciones basadas en la naturaleza que conserven y restauren los servicios de los ecosistemas para mejorar las pr\u00e1cticas de producci\u00f3n. De esta forma, se logr\u00f3 aumentar no solo los ingresos sino tambi\u00e9n la resiliencia a los impactos del cambio clim\u00e1tico, como la sequ\u00eda o las inundaciones.<\/div><\/div><\/div><\/div><\/div><div class=\"x-section e2840-14 m26w-0 m26w-3 m26w-4 m26w-5\">\n  <div class=\"x-bg\" aria-hidden=\"true\">\n    <div class=\"x-bg-layer-lower-image\" style=\" background-image: url(https:\/\/unepmeba.org\/wp-content\/uploads\/2021\/07\/34456582862_21f341a801_o.jpg); background-repeat: no-repeat; background-position: center; background-size: cover;\"><\/div>      <\/div>\n<div class=\"x-row x-container max width e2840-15 m26w-7 m26w-a\"><div class=\"x-row-inner\"><div class=\"x-col e2840-16 m26w-b m26w-c\"><hr class=\"x-line e2840-17 m26w-j m26w-k\"><\/hr><\/div><\/div><\/div><\/div><div class=\"x-section e2840-18 m26w-0 m26w-2 m26w-3 m26w-6\"><div class=\"x-row x-container max width e2840-19 m26w-7 m26w-9 m26w-a\"><div class=\"x-row-inner\"><div class=\"x-col e2840-20 m26w-b m26w-e\"><div class=\"x-text e2840-21 m26w-l m26w-m m26w-n m26w-q\">Hasta la fecha, MEbA ha apoyado la distribuci\u00f3n de casi 18.000 microcr\u00e9ditos con m\u00e1s de 30 millones de d\u00f3lares procedentes de inversores privados. El proyecto benefici\u00f3 y form\u00f3 alrededor de 4.500 agricultores y otros productores rurales, un tercio de ellos mujeres, en la mejora de la cadena de suministro y en soluciones basadas en la naturaleza. Algunos ejemplos de inversiones incluyen deshidratadores solares para mejorar el almacenamiento de alimentos, sistemas de rotaci\u00f3n de cultivos, certificaci\u00f3n de agricultura org\u00e1nica, acuicultura y producci\u00f3n de fertilizantes org\u00e1nicos.<\/div><div class=\"x-text e2840-22 m26w-l m26w-m m26w-p m26w-q\">Sin embargo, lo verdaderamente transformador del enfoque de MEbA es el hecho de que el acceso y las condiciones de los pr\u00e9stamos (tipos de inter\u00e9s, plazos de pago, etc.) est\u00e1n vinculados a una serie de indicadores, entre ellos la biodiversidad y la capacidad de adaptaci\u00f3n, lo que fomenta una mejor gesti\u00f3n de los recursos naturales al tiempo que mejora las pr\u00e1cticas de producci\u00f3n y reduce la vulnerabilidad clim\u00e1tica. Esta combinaci\u00f3n de mecanismos de financiaci\u00f3n innovadores y de adaptaci\u00f3n basada en los ecosistemas ha tenido tanto \u00e9xito que ya se est\u00e1 aplicando en dos pa\u00edses africanos, Senegal y Ben\u00edn, y se est\u00e1 reproduciendo en otros pa\u00edses de \u00c1frica y Am\u00e9rica Latina. La iniciativa MEbA del PNUMA recibi\u00f3 el apoyo financiero del gobierno alem\u00e1n en el marco del mecanismo de financiaci\u00f3n clim\u00e1tica IKI. <\/div><\/div><\/div><\/div><\/div><div class=\"x-section e2840-23 m26w-0 m26w-3 m26w-4 m26w-5\"><div class=\"x-row x-container max width e2840-24 m26w-7 m26w-9 m26w-a\"><div class=\"x-row-inner\"><div class=\"x-col e2840-25 m26w-b m26w-c\"><div class=\"x-text e2840-26 m26w-m m26w-o m26w-p m26w-r m26w-s\">Teniendo en cuenta el significado de Kipepeo, la palabra swahili para mariposa, un animal conocido como s\u00edmbolo de transformaci\u00f3n y renovaci\u00f3n, el trabajo de MEbA realmente encarna el esp\u00edritu del premio y es un ejemplo de la acci\u00f3n a gran escala necesaria para garantizar la prosperidad humana frente a impactos clim\u00e1ticos cada vez m\u00e1s graves.<\/div><div class=\"x-text e2840-27 m26w-m m26w-o m26w-r m26w-t\">Equipo de MEBA: Piedad Martin, Marta Moneo Lain, Gustavo Ma\u00f1ez Gomis, Laura Ortega, Evelyn Madrid, Agustin Matteri; y cuatro personas m\u00e1s que ya no trabajan en el PNUMA: Jacinto Buenfil, Jessica Zapata, Ramiro Salinas, Christoph Jungfleisch.<\/div><\/div><\/div><\/div><\/div><\/div>\n","protected":false},"excerpt":{"rendered":"<p>Premio Kipepeo 2021Las microfinanzas para la adaptaci\u00f3n ganan el premio Kipepeo por su alto impacto ambiental en ALCEl nuevo premio anual Kipepeo del PNUMA, que reconoce a los equipos y proyectos que demuestran un esfuerzo y un rendimiento excepcionales para alcanzar los objetivos del PNUMA, fue concedido el martes 29 de junio a la iniciativa de Microfinanzas para la Adaptaci\u00f3n &#8230; <\/p>\n<div><a href=\"https:\/\/unepmeba.org\/es\/premio-kipepeo-2021\/\" class=\"more-link\">Read More<\/a><\/div>\n","protected":false},"author":1,"featured_media":0,"parent":0,"menu_order":5,"comment_status":"closed","ping_status":"closed","template":"template-blank-4.php","meta":{"mapsvg_location":""},"categories":[],"tags":[],"yoast_head":"<!-- This site is optimized with the Yoast SEO plugin v17.1 - https:\/\/yoast.com\/wordpress\/plugins\/seo\/ -->\n<title>Premio Kipepeo 2021 : MEbA<\/title>\n<meta name=\"description\" content=\"MEbA: The Microfinance for Ecosystem-based-Adaptation to Climate Change (MEbA) project was conceived to promote and support the introduction of specific (micro) financial products and services. The main pillars of the projects are (1) the assistance in the development and implementation of new financial products and services tailored to rural populations that are vulnerable to the effects of climate change (e.g. small agricultural producers and other local actors of the North Andean Region); (2) the provision of customized capacity building to Microfinance Institutions (MFIs); and, (3) awareness raising, carrying out training activities which address identified knowledge gaps and meeting MFI client needs to increase climate change resilience with a focus on Ecosystem-based Adaptation via partnerships with key local technical actors. % % %\" \/>\n<meta name=\"robots\" content=\"noindex, nofollow\" \/>\n<meta property=\"og:locale\" content=\"es_ES\" \/>\n<meta property=\"og:type\" content=\"article\" \/>\n<meta property=\"og:title\" content=\"Premio Kipepeo 2021 : MEbA\" \/>\n<meta property=\"og:description\" content=\"MEbA: The Microfinance for Ecosystem-based-Adaptation to Climate Change (MEbA) project was conceived to promote and support the introduction of specific (micro) financial products and services. The main pillars of the projects are (1) the assistance in the development and implementation of new financial products and services tailored to rural populations that are vulnerable to the effects of climate change (e.g. small agricultural producers and other local actors of the North Andean Region); (2) the provision of customized capacity building to Microfinance Institutions (MFIs); and, (3) awareness raising, carrying out training activities which address identified knowledge gaps and meeting MFI client needs to increase climate change resilience with a focus on Ecosystem-based Adaptation via partnerships with key local technical actors. % % %\" \/>\n<meta property=\"og:url\" content=\"https:\/\/unepmeba.org\/es\/premio-kipepeo-2021\/\" \/>\n<meta property=\"og:site_name\" content=\"MEbA\" \/>\n<meta property=\"article:modified_time\" content=\"2021-07-16T08:11:46+00:00\" \/>\n<meta name=\"twitter:card\" content=\"summary_large_image\" \/>\n<meta name=\"twitter:label1\" content=\"Tiempo de lectura\" \/>\n\t<meta name=\"twitter:data1\" content=\"4 minutos\" \/>\n<script type=\"application\/ld+json\" class=\"yoast-schema-graph\">{\"@context\":\"https:\/\/schema.org\",\"@graph\":[{\"@type\":\"Organization\",\"@id\":\"https:\/\/unepmeba.org\/#organization\",\"name\":\"UNEP\",\"url\":\"https:\/\/unepmeba.org\/\",\"sameAs\":[],\"logo\":{\"@type\":\"ImageObject\",\"@id\":\"https:\/\/unepmeba.org\/#logo\",\"inLanguage\":\"es\",\"url\":\"https:\/\/unepmeba.org\/wp-content\/uploads\/2019\/12\/UNEP_2019_English.png\",\"contentUrl\":\"https:\/\/unepmeba.org\/wp-content\/uploads\/2019\/12\/UNEP_2019_English.png\",\"width\":228,\"height\":166,\"caption\":\"UNEP\"},\"image\":{\"@id\":\"https:\/\/unepmeba.org\/#logo\"}},{\"@type\":\"WebSite\",\"@id\":\"https:\/\/unepmeba.org\/#website\",\"url\":\"https:\/\/unepmeba.org\/\",\"name\":\"MEbA\",\"description\":\"Microfinance for Ecosystem-based-Adaptation to Climate Change\",\"publisher\":{\"@id\":\"https:\/\/unepmeba.org\/#organization\"},\"potentialAction\":[{\"@type\":\"SearchAction\",\"target\":{\"@type\":\"EntryPoint\",\"urlTemplate\":\"https:\/\/unepmeba.org\/?s={search_term_string}\"},\"query-input\":\"required name=search_term_string\"}],\"inLanguage\":\"es\"},{\"@type\":\"WebPage\",\"@id\":\"https:\/\/unepmeba.org\/es\/premio-kipepeo-2021\/#webpage\",\"url\":\"https:\/\/unepmeba.org\/es\/premio-kipepeo-2021\/\",\"name\":\"Premio Kipepeo 2021 : MEbA\",\"isPartOf\":{\"@id\":\"https:\/\/unepmeba.org\/#website\"},\"datePublished\":\"2021-07-14T18:48:17+00:00\",\"dateModified\":\"2021-07-16T08:11:46+00:00\",\"description\":\"MEbA: The Microfinance for Ecosystem-based-Adaptation to Climate Change (MEbA) project was conceived to promote and support the introduction of specific (micro) financial products and services. The main pillars of the projects are (1) the assistance in the development and implementation of new financial products and services tailored to rural populations that are vulnerable to the effects of climate change (e.g. small agricultural producers and other local actors of the North Andean Region); (2) the provision of customized capacity building to Microfinance Institutions (MFIs); and, (3) awareness raising, carrying out training activities which address identified knowledge gaps and meeting MFI client needs to increase climate change resilience with a focus on Ecosystem-based Adaptation via partnerships with key local technical actors. % % %\",\"breadcrumb\":{\"@id\":\"https:\/\/unepmeba.org\/es\/premio-kipepeo-2021\/#breadcrumb\"},\"inLanguage\":\"es\",\"potentialAction\":[{\"@type\":\"ReadAction\",\"target\":[\"https:\/\/unepmeba.org\/es\/premio-kipepeo-2021\/\"]}]},{\"@type\":\"BreadcrumbList\",\"@id\":\"https:\/\/unepmeba.org\/es\/premio-kipepeo-2021\/#breadcrumb\",\"itemListElement\":[{\"@type\":\"ListItem\",\"position\":1,\"name\":\"Home\",\"item\":\"https:\/\/unepmeba.org\/es\/pagina-principal\/\"},{\"@type\":\"ListItem\",\"position\":2,\"name\":\"Premio Kipepeo 2021\"}]}]}<\/script>\n<!-- \/ Yoast SEO plugin. -->","yoast_head_json":{"title":"Premio Kipepeo 2021 : MEbA","description":"MEbA: The Microfinance for Ecosystem-based-Adaptation to Climate Change (MEbA) project was conceived to promote and support the introduction of specific (micro) financial products and services. The main pillars of the projects are (1) the assistance in the development and implementation of new financial products and services tailored to rural populations that are vulnerable to the effects of climate change (e.g. small agricultural producers and other local actors of the North Andean Region); (2) the provision of customized capacity building to Microfinance Institutions (MFIs); and, (3) awareness raising, carrying out training activities which address identified knowledge gaps and meeting MFI client needs to increase climate change resilience with a focus on Ecosystem-based Adaptation via partnerships with key local technical actors. % % %","robots":{"index":"noindex","follow":"nofollow"},"og_locale":"es_ES","og_type":"article","og_title":"Premio Kipepeo 2021 : MEbA","og_description":"MEbA: The Microfinance for Ecosystem-based-Adaptation to Climate Change (MEbA) project was conceived to promote and support the introduction of specific (micro) financial products and services. The main pillars of the projects are (1) the assistance in the development and implementation of new financial products and services tailored to rural populations that are vulnerable to the effects of climate change (e.g. small agricultural producers and other local actors of the North Andean Region); (2) the provision of customized capacity building to Microfinance Institutions (MFIs); and, (3) awareness raising, carrying out training activities which address identified knowledge gaps and meeting MFI client needs to increase climate change resilience with a focus on Ecosystem-based Adaptation via partnerships with key local technical actors. % % %","og_url":"https:\/\/unepmeba.org\/es\/premio-kipepeo-2021\/","og_site_name":"MEbA","article_modified_time":"2021-07-16T08:11:46+00:00","twitter_card":"summary_large_image","twitter_misc":{"Tiempo de lectura":"4 minutos"},"schema":{"@context":"https:\/\/schema.org","@graph":[{"@type":"Organization","@id":"https:\/\/unepmeba.org\/#organization","name":"UNEP","url":"https:\/\/unepmeba.org\/","sameAs":[],"logo":{"@type":"ImageObject","@id":"https:\/\/unepmeba.org\/#logo","inLanguage":"es","url":"https:\/\/unepmeba.org\/wp-content\/uploads\/2019\/12\/UNEP_2019_English.png","contentUrl":"https:\/\/unepmeba.org\/wp-content\/uploads\/2019\/12\/UNEP_2019_English.png","width":228,"height":166,"caption":"UNEP"},"image":{"@id":"https:\/\/unepmeba.org\/#logo"}},{"@type":"WebSite","@id":"https:\/\/unepmeba.org\/#website","url":"https:\/\/unepmeba.org\/","name":"MEbA","description":"Microfinance for Ecosystem-based-Adaptation to Climate Change","publisher":{"@id":"https:\/\/unepmeba.org\/#organization"},"potentialAction":[{"@type":"SearchAction","target":{"@type":"EntryPoint","urlTemplate":"https:\/\/unepmeba.org\/?s={search_term_string}"},"query-input":"required name=search_term_string"}],"inLanguage":"es"},{"@type":"WebPage","@id":"https:\/\/unepmeba.org\/es\/premio-kipepeo-2021\/#webpage","url":"https:\/\/unepmeba.org\/es\/premio-kipepeo-2021\/","name":"Premio Kipepeo 2021 : MEbA","isPartOf":{"@id":"https:\/\/unepmeba.org\/#website"},"datePublished":"2021-07-14T18:48:17+00:00","dateModified":"2021-07-16T08:11:46+00:00","description":"MEbA: The Microfinance for Ecosystem-based-Adaptation to Climate Change (MEbA) project was conceived to promote and support the introduction of specific (micro) financial products and services. The main pillars of the projects are (1) the assistance in the development and implementation of new financial products and services tailored to rural populations that are vulnerable to the effects of climate change (e.g. small agricultural producers and other local actors of the North Andean Region); (2) the provision of customized capacity building to Microfinance Institutions (MFIs); and, (3) awareness raising, carrying out training activities which address identified knowledge gaps and meeting MFI client needs to increase climate change resilience with a focus on Ecosystem-based Adaptation via partnerships with key local technical actors. % % %","breadcrumb":{"@id":"https:\/\/unepmeba.org\/es\/premio-kipepeo-2021\/#breadcrumb"},"inLanguage":"es","potentialAction":[{"@type":"ReadAction","target":["https:\/\/unepmeba.org\/es\/premio-kipepeo-2021\/"]}]},{"@type":"BreadcrumbList","@id":"https:\/\/unepmeba.org\/es\/premio-kipepeo-2021\/#breadcrumb","itemListElement":[{"@type":"ListItem","position":1,"name":"Home","item":"https:\/\/unepmeba.org\/es\/pagina-principal\/"},{"@type":"ListItem","position":2,"name":"Premio Kipepeo 2021"}]}]}},"_links":{"self":[{"href":"https:\/\/unepmeba.org\/es\/wp-json\/wp\/v2\/pages\/2840"}],"collection":[{"href":"https:\/\/unepmeba.org\/es\/wp-json\/wp\/v2\/pages"}],"about":[{"href":"https:\/\/unepmeba.org\/es\/wp-json\/wp\/v2\/types\/page"}],"author":[{"embeddable":true,"href":"https:\/\/unepmeba.org\/es\/wp-json\/wp\/v2\/users\/1"}],"replies":[{"embeddable":true,"href":"https:\/\/unepmeba.org\/es\/wp-json\/wp\/v2\/comments?post=2840"}],"version-history":[{"count":4,"href":"https:\/\/unepmeba.org\/es\/wp-json\/wp\/v2\/pages\/2840\/revisions"}],"predecessor-version":[{"id":2870,"href":"https:\/\/unepmeba.org\/es\/wp-json\/wp\/v2\/pages\/2840\/revisions\/2870"}],"wp:attachment":[{"href":"https:\/\/unepmeba.org\/es\/wp-json\/wp\/v2\/media?parent=2840"}],"wp:term":[{"taxonomy":"category","embeddable":true,"href":"https:\/\/unepmeba.org\/es\/wp-json\/wp\/v2\/categories?post=2840"},{"taxonomy":"post_tag","embeddable":true,"href":"https:\/\/unepmeba.org\/es\/wp-json\/wp\/v2\/tags?post=2840"}],"curies":[{"name":"wp","href":"https:\/\/api.w.org\/{rel}","templated":true}]}}