{"id":976,"date":"2020-01-31T08:27:18","date_gmt":"2020-01-31T08:27:18","guid":{"rendered":"https:\/\/unepmeba.org\/contact\/"},"modified":"2020-08-16T14:34:17","modified_gmt":"2020-08-16T14:34:17","slug":"contacto","status":"publish","type":"page","link":"https:\/\/unepmeba.org\/es\/contacto\/","title":{"rendered":"Contacto"},"content":{"rendered":"<div id=\"cs-content\" class=\"cs-content\"><div class=\"x-section e976-1 mr4-0\"><div class=\"x-row x-container max width e976-2 mr4-2\"><div class=\"x-row-inner\"><div class=\"x-col e976-3 mr4-3\"><div class=\"x-text x-text-headline e976-4 mr4-4\"><div class=\"x-text-content\"><div class=\"x-text-content-text\"><h1 class=\"x-text-content-text-primary\">Contacto: <a href=\"mailto:unep-rolac-meba@un.org\">unep-rolac-meba@un.org<\/a><\/h1><\/div><\/div><\/div><\/div><\/div><\/div><\/div><div class=\"x-section e976-5 mr4-0 mr4-1\"><div class=\"x-row x-container max width e976-6 mr4-2\"><div class=\"x-row-inner\"><div class=\"x-col e976-7 mr4-3\"><div class=\"x-content-area e976-8 mr4-5\"><div id=\"quform-a82d1b\" class=\"quform quform-3 quform-support-page-caching\"><form id=\"quform-form-a82d1b\" class=\"quform-form quform-form-3\" action=\"\/es\/wp-json\/wp\/v2\/pages\/976#quform-a82d1b\" method=\"post\" enctype=\"multipart\/form-data\" novalidate=\"novalidate\" data-options=\"{&quot;id&quot;:3,&quot;uniqueId&quot;:&quot;a82d1b&quot;,&quot;theme&quot;:&quot;&quot;,&quot;ajax&quot;:true,&quot;logic&quot;:{&quot;logic&quot;:[],&quot;dependents&quot;:[],&quot;elementIds&quot;:[],&quot;dependentElementIds&quot;:[],&quot;animate&quot;:true},&quot;currentPageId&quot;:1,&quot;errorsIcon&quot;:&quot;&quot;,&quot;updateFancybox&quot;:true,&quot;hasPages&quot;:false,&quot;pages&quot;:[1],&quot;pageProgressType&quot;:&quot;numbers&quot;,&quot;tooltipsEnabled&quot;:true,&quot;tooltipClasses&quot;:&quot;qtip-quform-dark qtip-shadow&quot;,&quot;tooltipMy&quot;:&quot;left center&quot;,&quot;tooltipAt&quot;:&quot;right center&quot;,&quot;isRtl&quot;:false,&quot;scrollOffset&quot;:-50,&quot;scrollSpeed&quot;:800}\"><button class=\"quform-default-submit\" name=\"quform_submit\" type=\"submit\" value=\"submit\" aria-hidden=\"true\" tabindex=\"-1\"><\/button><div class=\"quform-form-inner quform-form-inner-3\"><input type=\"hidden\" name=\"quform_form_id\" value=\"3\" \/><input type=\"hidden\" name=\"quform_form_uid\" value=\"a82d1b\" \/><input type=\"hidden\" name=\"quform_count\" value=\"1\" \/><input type=\"hidden\" name=\"form_url\" value=\"https:\/\/unepmeba.org\/es\/wp-json\/wp\/v2\/pages\/976\" \/><input type=\"hidden\" name=\"referring_url\" value=\"\" \/><input type=\"hidden\" name=\"post_id\" value=\"\" \/><input type=\"hidden\" name=\"post_title\" value=\"\" \/><input type=\"hidden\" name=\"quform_current_page_id\" value=\"1\" \/><input type=\"hidden\" name=\"quform_csrf_token\" value=\"X5fL9nYzwyIkLYcFSSRhfLACQ5BILY9V8YFSa4Lu\" \/><div class=\"quform-elements quform-elements-3 quform-cf quform-responsive-elements-phone-landscape\"><div class=\"quform-element quform-element-page quform-page-1 quform-page-3_1 quform-cf quform-group-style-plain quform-first-page quform-last-page quform-current-page\"><div class=\"quform-child-elements\"><div class=\"quform-element quform-element-row quform-element-row-3_7 quform-2-columns quform-element-row-size-fixed quform-responsive-columns-phone-landscape\"><div class=\"quform-element quform-element-column quform-element-3_8\"><div class=\"quform-element quform-element-text quform-element-3_3 quform-cf quform-labels-inside quform-element-required\"><div class=\"quform-spacer\"><div class=\"quform-label quform-label-3_3\"><label class=\"quform-label-text\" for=\"quform_3_3_a82d1b\">Tu nombre:<span class=\"quform-required\">*<\/span><\/label><\/div><div class=\"quform-inner quform-inner-text quform-inner-3_3\"><div class=\"quform-input quform-input-text quform-input-3_3 quform-cf quform-has-field-icon-left\"><input type=\"text\" id=\"quform_3_3_a82d1b\" name=\"quform_3_3\" class=\"quform-field quform-field-text quform-field-3_3\" \/><span class=\"quform-field-icon quform-field-icon-left\"><i class=\"fa fa-user\"><\/i><\/span><\/div><\/div><\/div><\/div><\/div><div class=\"quform-element quform-element-column quform-element-3_9\"><div class=\"quform-element quform-element-email quform-element-3_4 quform-cf quform-labels-inside quform-element-required\"><div class=\"quform-spacer\"><div class=\"quform-label quform-label-3_4\"><label class=\"quform-label-text\" for=\"quform_3_4_a82d1b\">Tu correo electr\u00f3nico:<span class=\"quform-required\">*<\/span><\/label><\/div><div class=\"quform-inner quform-inner-email quform-inner-3_4\"><div class=\"quform-input quform-input-email quform-input-3_4 quform-cf quform-has-field-icon-left\"><input type=\"email\" id=\"quform_3_4_a82d1b\" name=\"quform_3_4\" class=\"quform-field quform-field-email quform-field-3_4\" \/><span class=\"quform-field-icon quform-field-icon-left\"><i class=\"fa fa-at\"><\/i><\/span><\/div><\/div><\/div><\/div><\/div><\/div><div class=\"quform-element quform-element-textarea quform-element-3_5 quform-cf quform-labels-inside quform-element-required\"><div class=\"quform-spacer\"><div class=\"quform-label quform-label-3_5\"><label class=\"quform-label-text\" for=\"quform_3_5_a82d1b\">Tu mensaje:<span class=\"quform-required\">*<\/span><\/label><\/div><div class=\"quform-inner quform-inner-textarea quform-inner-3_5\"><div class=\"quform-input quform-input-textarea quform-input-3_5 quform-cf quform-has-field-icon-left\"><textarea id=\"quform_3_5_a82d1b\" name=\"quform_3_5\" class=\"quform-field quform-field-textarea quform-field-3_5\"><\/textarea><span class=\"quform-field-icon quform-field-icon-left\"><i class=\"fa fa-align-left\"><\/i><\/span><\/div><\/div><\/div><\/div><div class=\"quform-element quform-element-checkbox quform-element-3_6 quform-cf quform-element-required\"><div class=\"quform-spacer\"><div class=\"quform-label quform-label-3_6\"><label class=\"quform-label-text\" id=\"quform_3_6_a82d1b_label\">Al hacer clic en el bot\u00f3n a continuaci\u00f3n, acepto <a href=\"https:\/\/unepmeba.org\/es\/terms-of-use\/\" target=\"_blank\">terms of use<\/a>.<span class=\"quform-required\">*<\/span><\/label><\/div><div class=\"quform-inner quform-inner-checkbox quform-inner-3_6\"><div class=\"quform-input quform-input-checkbox quform-input-3_6 quform-cf\"><div class=\"quform-options quform-cf quform-options-block quform-options-style-button quform-button-size-slim quform-button-width-full quform-button-icon-left\" role=\"group\" aria-labelledby=\"quform_3_6_a82d1b_label\"><div class=\"quform-option\"><input type=\"checkbox\" name=\"quform_3_6[]\" id=\"quform_3_6_a82d1b_1\" class=\"quform-field quform-field-checkbox quform-field-3_6 quform-field-3_6_1\" value=\"Estoy de acuerdo\" \/><label for=\"quform_3_6_a82d1b_1\" class=\"quform-option-label quform-option-label-3_6_1\"><span class=\"quform-option-icon\"><i class=\"fa fa-circle-o\"><\/i><\/span><span class=\"quform-option-icon-selected\"><i class=\"fa fa-circle\"><\/i><\/span><span class=\"quform-option-text\">Estoy de acuerdo<\/span><\/label><\/div><\/div><\/div><\/div><\/div><\/div><div class=\"quform-element quform-element-submit quform-element-3_2 quform-cf quform-button-style-theme\"><div class=\"quform-button-submit quform-button-submit-default quform-button-submit-3_2\"><button name=\"quform_submit\" type=\"submit\" class=\"quform-submit\" value=\"submit\"><span class=\"quform-button-text quform-button-submit-text\">Enviar<\/span><\/button><\/div><div class=\"quform-loading quform-loading-position-left quform-loading-type-spinner-1\"><div class=\"quform-loading-inner\"><div class=\"quform-loading-spinner\"><div class=\"quform-loading-spinner-inner\"><\/div><\/div><\/div><\/div><\/div><div class=\"quform-element-tree\"><label for=\"quform_3_0_a82d1b\">This field should be left blank<\/label><input type=\"text\" id=\"quform_3_0_a82d1b\" name=\"quform_3_0\" class=\"quform-field quform-field-tree quform-field-3_0\" tabindex=\"-1\" autocomplete=\"off\" \/><\/div><\/div><\/div><\/div><\/div><\/form><\/div><\/div><\/div><\/div><\/div><\/div><\/div>\n","protected":false},"excerpt":{"rendered":"<p>Contacto: unep-rolac-meba@un.orgTu nombre:*Tu correo electr\u00f3nico:*Tu mensaje:*Al hacer clic en el bot\u00f3n a continuaci\u00f3n, acepto terms of use.*Estoy de acuerdoEnviarThis field should be left blankContacto: unep-rolac-meba@un.org Tu nombre:*Tu correo electr\u00f3nico:*Tu mensaje:*Al hacer clic en el bot\u00f3n a continuaci\u00f3n, acepto terms of use.*Estoy de acuerdoEnviarThis field should be left blankEdit this form<\/p>\n","protected":false},"author":1,"featured_media":0,"parent":0,"menu_order":5,"comment_status":"closed","ping_status":"closed","template":"template-blank-4.php","meta":{"mapsvg_location":""},"categories":[],"tags":[],"yoast_head":"<!-- This site is optimized with the Yoast SEO plugin v17.1 - https:\/\/yoast.com\/wordpress\/plugins\/seo\/ -->\n<title>Contacto : MEbA<\/title>\n<meta name=\"description\" content=\"MEbA: The Microfinance for Ecosystem-based-Adaptation to Climate Change (MEbA) project was conceived to promote and support the introduction of specific (micro) financial products and services. The main pillars of the projects are (1) the assistance in the development and implementation of new financial products and services tailored to rural populations that are vulnerable to the effects of climate change (e.g. small agricultural producers and other local actors of the North Andean Region); (2) the provision of customized capacity building to Microfinance Institutions (MFIs); and, (3) awareness raising, carrying out training activities which address identified knowledge gaps and meeting MFI client needs to increase climate change resilience with a focus on Ecosystem-based Adaptation via partnerships with key local technical actors. % % %\" \/>\n<meta name=\"robots\" content=\"noindex, follow\" \/>\n<meta property=\"og:locale\" content=\"es_ES\" \/>\n<meta property=\"og:type\" content=\"article\" \/>\n<meta property=\"og:title\" content=\"Contacto : MEbA\" \/>\n<meta property=\"og:description\" content=\"MEbA: The Microfinance for Ecosystem-based-Adaptation to Climate Change (MEbA) project was conceived to promote and support the introduction of specific (micro) financial products and services. The main pillars of the projects are (1) the assistance in the development and implementation of new financial products and services tailored to rural populations that are vulnerable to the effects of climate change (e.g. small agricultural producers and other local actors of the North Andean Region); (2) the provision of customized capacity building to Microfinance Institutions (MFIs); and, (3) awareness raising, carrying out training activities which address identified knowledge gaps and meeting MFI client needs to increase climate change resilience with a focus on Ecosystem-based Adaptation via partnerships with key local technical actors. % % %\" \/>\n<meta property=\"og:url\" content=\"https:\/\/unepmeba.org\/es\/contacto\/\" \/>\n<meta property=\"og:site_name\" content=\"MEbA\" \/>\n<meta property=\"article:modified_time\" content=\"2020-08-16T14:34:17+00:00\" \/>\n<meta name=\"twitter:card\" content=\"summary_large_image\" \/>\n<meta name=\"twitter:label1\" content=\"Tiempo de lectura\" \/>\n\t<meta name=\"twitter:data1\" content=\"1 minuto\" \/>\n<script type=\"application\/ld+json\" class=\"yoast-schema-graph\">{\"@context\":\"https:\/\/schema.org\",\"@graph\":[{\"@type\":\"Organization\",\"@id\":\"https:\/\/unepmeba.org\/#organization\",\"name\":\"UNEP\",\"url\":\"https:\/\/unepmeba.org\/\",\"sameAs\":[],\"logo\":{\"@type\":\"ImageObject\",\"@id\":\"https:\/\/unepmeba.org\/#logo\",\"inLanguage\":\"es\",\"url\":\"https:\/\/unepmeba.org\/wp-content\/uploads\/2019\/12\/UNEP_2019_English.png\",\"contentUrl\":\"https:\/\/unepmeba.org\/wp-content\/uploads\/2019\/12\/UNEP_2019_English.png\",\"width\":228,\"height\":166,\"caption\":\"UNEP\"},\"image\":{\"@id\":\"https:\/\/unepmeba.org\/#logo\"}},{\"@type\":\"WebSite\",\"@id\":\"https:\/\/unepmeba.org\/#website\",\"url\":\"https:\/\/unepmeba.org\/\",\"name\":\"MEbA\",\"description\":\"Microfinance for Ecosystem-based-Adaptation to Climate Change\",\"publisher\":{\"@id\":\"https:\/\/unepmeba.org\/#organization\"},\"potentialAction\":[{\"@type\":\"SearchAction\",\"target\":{\"@type\":\"EntryPoint\",\"urlTemplate\":\"https:\/\/unepmeba.org\/?s={search_term_string}\"},\"query-input\":\"required name=search_term_string\"}],\"inLanguage\":\"es\"},{\"@type\":\"WebPage\",\"@id\":\"https:\/\/unepmeba.org\/es\/contacto\/#webpage\",\"url\":\"https:\/\/unepmeba.org\/es\/contacto\/\",\"name\":\"Contacto : MEbA\",\"isPartOf\":{\"@id\":\"https:\/\/unepmeba.org\/#website\"},\"datePublished\":\"2020-01-31T08:27:18+00:00\",\"dateModified\":\"2020-08-16T14:34:17+00:00\",\"description\":\"MEbA: The Microfinance for Ecosystem-based-Adaptation to Climate Change (MEbA) project was conceived to promote and support the introduction of specific (micro) financial products and services. The main pillars of the projects are (1) the assistance in the development and implementation of new financial products and services tailored to rural populations that are vulnerable to the effects of climate change (e.g. small agricultural producers and other local actors of the North Andean Region); (2) the provision of customized capacity building to Microfinance Institutions (MFIs); and, (3) awareness raising, carrying out training activities which address identified knowledge gaps and meeting MFI client needs to increase climate change resilience with a focus on Ecosystem-based Adaptation via partnerships with key local technical actors. % % %\",\"breadcrumb\":{\"@id\":\"https:\/\/unepmeba.org\/es\/contacto\/#breadcrumb\"},\"inLanguage\":\"es\",\"potentialAction\":[{\"@type\":\"ReadAction\",\"target\":[\"https:\/\/unepmeba.org\/es\/contacto\/\"]}]},{\"@type\":\"BreadcrumbList\",\"@id\":\"https:\/\/unepmeba.org\/es\/contacto\/#breadcrumb\",\"itemListElement\":[{\"@type\":\"ListItem\",\"position\":1,\"name\":\"Home\",\"item\":\"https:\/\/unepmeba.org\/es\/pagina-principal\/\"},{\"@type\":\"ListItem\",\"position\":2,\"name\":\"Contacto\"}]}]}<\/script>\n<!-- \/ Yoast SEO plugin. -->","yoast_head_json":{"title":"Contacto : MEbA","description":"MEbA: The Microfinance for Ecosystem-based-Adaptation to Climate Change (MEbA) project was conceived to promote and support the introduction of specific (micro) financial products and services. The main pillars of the projects are (1) the assistance in the development and implementation of new financial products and services tailored to rural populations that are vulnerable to the effects of climate change (e.g. small agricultural producers and other local actors of the North Andean Region); (2) the provision of customized capacity building to Microfinance Institutions (MFIs); and, (3) awareness raising, carrying out training activities which address identified knowledge gaps and meeting MFI client needs to increase climate change resilience with a focus on Ecosystem-based Adaptation via partnerships with key local technical actors. % % %","robots":{"index":"noindex","follow":"follow"},"og_locale":"es_ES","og_type":"article","og_title":"Contacto : MEbA","og_description":"MEbA: The Microfinance for Ecosystem-based-Adaptation to Climate Change (MEbA) project was conceived to promote and support the introduction of specific (micro) financial products and services. The main pillars of the projects are (1) the assistance in the development and implementation of new financial products and services tailored to rural populations that are vulnerable to the effects of climate change (e.g. small agricultural producers and other local actors of the North Andean Region); (2) the provision of customized capacity building to Microfinance Institutions (MFIs); and, (3) awareness raising, carrying out training activities which address identified knowledge gaps and meeting MFI client needs to increase climate change resilience with a focus on Ecosystem-based Adaptation via partnerships with key local technical actors. % % %","og_url":"https:\/\/unepmeba.org\/es\/contacto\/","og_site_name":"MEbA","article_modified_time":"2020-08-16T14:34:17+00:00","twitter_card":"summary_large_image","twitter_misc":{"Tiempo de lectura":"1 minuto"},"schema":{"@context":"https:\/\/schema.org","@graph":[{"@type":"Organization","@id":"https:\/\/unepmeba.org\/#organization","name":"UNEP","url":"https:\/\/unepmeba.org\/","sameAs":[],"logo":{"@type":"ImageObject","@id":"https:\/\/unepmeba.org\/#logo","inLanguage":"es","url":"https:\/\/unepmeba.org\/wp-content\/uploads\/2019\/12\/UNEP_2019_English.png","contentUrl":"https:\/\/unepmeba.org\/wp-content\/uploads\/2019\/12\/UNEP_2019_English.png","width":228,"height":166,"caption":"UNEP"},"image":{"@id":"https:\/\/unepmeba.org\/#logo"}},{"@type":"WebSite","@id":"https:\/\/unepmeba.org\/#website","url":"https:\/\/unepmeba.org\/","name":"MEbA","description":"Microfinance for Ecosystem-based-Adaptation to Climate Change","publisher":{"@id":"https:\/\/unepmeba.org\/#organization"},"potentialAction":[{"@type":"SearchAction","target":{"@type":"EntryPoint","urlTemplate":"https:\/\/unepmeba.org\/?s={search_term_string}"},"query-input":"required name=search_term_string"}],"inLanguage":"es"},{"@type":"WebPage","@id":"https:\/\/unepmeba.org\/es\/contacto\/#webpage","url":"https:\/\/unepmeba.org\/es\/contacto\/","name":"Contacto : MEbA","isPartOf":{"@id":"https:\/\/unepmeba.org\/#website"},"datePublished":"2020-01-31T08:27:18+00:00","dateModified":"2020-08-16T14:34:17+00:00","description":"MEbA: The Microfinance for Ecosystem-based-Adaptation to Climate Change (MEbA) project was conceived to promote and support the introduction of specific (micro) financial products and services. The main pillars of the projects are (1) the assistance in the development and implementation of new financial products and services tailored to rural populations that are vulnerable to the effects of climate change (e.g. small agricultural producers and other local actors of the North Andean Region); (2) the provision of customized capacity building to Microfinance Institutions (MFIs); and, (3) awareness raising, carrying out training activities which address identified knowledge gaps and meeting MFI client needs to increase climate change resilience with a focus on Ecosystem-based Adaptation via partnerships with key local technical actors. % % %","breadcrumb":{"@id":"https:\/\/unepmeba.org\/es\/contacto\/#breadcrumb"},"inLanguage":"es","potentialAction":[{"@type":"ReadAction","target":["https:\/\/unepmeba.org\/es\/contacto\/"]}]},{"@type":"BreadcrumbList","@id":"https:\/\/unepmeba.org\/es\/contacto\/#breadcrumb","itemListElement":[{"@type":"ListItem","position":1,"name":"Home","item":"https:\/\/unepmeba.org\/es\/pagina-principal\/"},{"@type":"ListItem","position":2,"name":"Contacto"}]}]}},"_links":{"self":[{"href":"https:\/\/unepmeba.org\/es\/wp-json\/wp\/v2\/pages\/976"}],"collection":[{"href":"https:\/\/unepmeba.org\/es\/wp-json\/wp\/v2\/pages"}],"about":[{"href":"https:\/\/unepmeba.org\/es\/wp-json\/wp\/v2\/types\/page"}],"author":[{"embeddable":true,"href":"https:\/\/unepmeba.org\/es\/wp-json\/wp\/v2\/users\/1"}],"replies":[{"embeddable":true,"href":"https:\/\/unepmeba.org\/es\/wp-json\/wp\/v2\/comments?post=976"}],"version-history":[{"count":2,"href":"https:\/\/unepmeba.org\/es\/wp-json\/wp\/v2\/pages\/976\/revisions"}],"predecessor-version":[{"id":2572,"href":"https:\/\/unepmeba.org\/es\/wp-json\/wp\/v2\/pages\/976\/revisions\/2572"}],"wp:attachment":[{"href":"https:\/\/unepmeba.org\/es\/wp-json\/wp\/v2\/media?parent=976"}],"wp:term":[{"taxonomy":"category","embeddable":true,"href":"https:\/\/unepmeba.org\/es\/wp-json\/wp\/v2\/categories?post=976"},{"taxonomy":"post_tag","embeddable":true,"href":"https:\/\/unepmeba.org\/es\/wp-json\/wp\/v2\/tags?post=976"}],"curies":[{"name":"wp","href":"https:\/\/api.w.org\/{rel}","templated":true}]}}