{"id":1606,"date":"2020-02-13T12:56:34","date_gmt":"2020-02-13T12:56:34","guid":{"rendered":"https:\/\/unepmeba.org\/?page_id=1606"},"modified":"2020-03-20T18:03:32","modified_gmt":"2020-03-20T18:03:32","slug":"empreinte","status":"publish","type":"page","link":"https:\/\/unepmeba.org\/fr\/empreinte\/","title":{"rendered":"Empreinte"},"content":{"rendered":"<div id=\"cs-content\" class=\"cs-content\"><div class=\"x-section e1606-1 m18m-0 m18m-1\"><div class=\"x-row x-container max width e1606-2 m18m-3\"><div class=\"x-row-inner\"><div class=\"x-col e1606-3 m18m-4\"><div class=\"x-text x-text-headline e1606-4 m18m-5 m18m-6\"><div class=\"x-text-content\"><div class=\"x-text-content-text\"><h1 class=\"x-text-content-text-primary\">Empreinte<\/h1><\/div><\/div><\/div><\/div><\/div><\/div><\/div><div class=\"x-section e1606-5 m18m-0 m18m-2\"><div class=\"x-row x-container max width e1606-6 m18m-3\"><div class=\"x-row-inner\"><div class=\"x-col e1606-7 m18m-4\"><div class=\"x-text x-text-headline e1606-8 m18m-5 m18m-7\"><div class=\"x-text-content\"><div class=\"x-text-content-text\"><h2 class=\"x-text-content-text-primary\">Contact<\/h2><\/div><\/div><\/div><div class=\"x-text e1606-9 m18m-8\"><p>United Nation Environment Programme<br \/>\nRegional Office for Latin America and the Caribbean<\/p>\n\n<p>Clayton, Ciudad del Saber - Avenida Morse, Edificio 103<br \/>\nCorregimiento de Anc\u00f3n - Ciudad de Panam\u00e1, PANAM\u00c1<\/p>\n\n<p>Direct: (507) 305-3166<br \/>Telephone: (507) 305-3100<br \/>\nFax: (507) 305-3105<br \/>\nP.O. Box: 0843-03590<\/p>\n\n<p><a href=\"https:\/\/unepmeba.org\/\" target=\"_blank\">unepmeba.org<\/a><br \/>\nResponsible for content: Jacinto Buenfil<br \/>\n<a href=\"mailto:jacinto.buenfil@un.org \">jacinto.buenfil[a]un.org<\/a>\n<\/p><\/div><\/div><\/div><\/div><\/div><\/div>\n","protected":false},"excerpt":{"rendered":"<p>EmpreinteContactUnited Nation Environment Programme Regional Office for Latin America and the Caribbean Clayton, Ciudad del Saber &#8211; Avenida Morse, Edificio 103 Corregimiento de Anc\u00f3n &#8211; Ciudad de Panam\u00e1, PANAM\u00c1 Direct: (507) 305-3166Telephone: (507) 305-3100 Fax: (507) 305-3105 P.O. Box: 0843-03590 unepmeba.org Responsible for content: Jacinto Buenfil jacinto.buenfil[a]un.org Empreinte Contact United Nation Environment Programme Regional Office for Latin America and the &#8230; <\/p>\n<div><a href=\"https:\/\/unepmeba.org\/fr\/empreinte\/\" class=\"more-link\">Read More<\/a><\/div>\n","protected":false},"author":1,"featured_media":0,"parent":0,"menu_order":6,"comment_status":"closed","ping_status":"closed","template":"template-blank-4.php","meta":{"mapsvg_location":""},"categories":[],"tags":[],"yoast_head":"<!-- This site is optimized with the Yoast SEO plugin v17.1 - https:\/\/yoast.com\/wordpress\/plugins\/seo\/ -->\n<title>Empreinte : MEbA<\/title>\n<meta name=\"description\" content=\"MEbA: The Microfinance for Ecosystem-based-Adaptation to Climate Change (MEbA) project was conceived to promote and support the introduction of specific (micro) financial products and services. The main pillars of the projects are (1) the assistance in the development and implementation of new financial products and services tailored to rural populations that are vulnerable to the effects of climate change (e.g. small agricultural producers and other local actors of the North Andean Region); (2) the provision of customized capacity building to Microfinance Institutions (MFIs); and, (3) awareness raising, carrying out training activities which address identified knowledge gaps and meeting MFI client needs to increase climate change resilience with a focus on Ecosystem-based Adaptation via partnerships with key local technical actors. % % %\" \/>\n<meta name=\"robots\" content=\"noindex, follow\" \/>\n<meta property=\"og:locale\" content=\"fr_FR\" \/>\n<meta property=\"og:type\" content=\"article\" \/>\n<meta property=\"og:title\" content=\"Empreinte : MEbA\" \/>\n<meta property=\"og:description\" content=\"MEbA: The Microfinance for Ecosystem-based-Adaptation to Climate Change (MEbA) project was conceived to promote and support the introduction of specific (micro) financial products and services. The main pillars of the projects are (1) the assistance in the development and implementation of new financial products and services tailored to rural populations that are vulnerable to the effects of climate change (e.g. small agricultural producers and other local actors of the North Andean Region); (2) the provision of customized capacity building to Microfinance Institutions (MFIs); and, (3) awareness raising, carrying out training activities which address identified knowledge gaps and meeting MFI client needs to increase climate change resilience with a focus on Ecosystem-based Adaptation via partnerships with key local technical actors. % % %\" \/>\n<meta property=\"og:url\" content=\"https:\/\/unepmeba.org\/fr\/empreinte\/\" \/>\n<meta property=\"og:site_name\" content=\"MEbA\" \/>\n<meta property=\"article:modified_time\" content=\"2020-03-20T18:03:32+00:00\" \/>\n<meta name=\"twitter:card\" content=\"summary_large_image\" \/>\n<meta name=\"twitter:label1\" content=\"Dur\u00e9e de lecture est.\" \/>\n\t<meta name=\"twitter:data1\" content=\"1 minute\" \/>\n<script type=\"application\/ld+json\" class=\"yoast-schema-graph\">{\"@context\":\"https:\/\/schema.org\",\"@graph\":[{\"@type\":\"Organization\",\"@id\":\"https:\/\/unepmeba.org\/#organization\",\"name\":\"UNEP\",\"url\":\"https:\/\/unepmeba.org\/\",\"sameAs\":[],\"logo\":{\"@type\":\"ImageObject\",\"@id\":\"https:\/\/unepmeba.org\/#logo\",\"inLanguage\":\"fr-FR\",\"url\":\"https:\/\/unepmeba.org\/wp-content\/uploads\/2019\/12\/UNEP_2019_English.png\",\"contentUrl\":\"https:\/\/unepmeba.org\/wp-content\/uploads\/2019\/12\/UNEP_2019_English.png\",\"width\":228,\"height\":166,\"caption\":\"UNEP\"},\"image\":{\"@id\":\"https:\/\/unepmeba.org\/#logo\"}},{\"@type\":\"WebSite\",\"@id\":\"https:\/\/unepmeba.org\/#website\",\"url\":\"https:\/\/unepmeba.org\/\",\"name\":\"MEbA\",\"description\":\"Microfinance for Ecosystem-based-Adaptation to Climate Change\",\"publisher\":{\"@id\":\"https:\/\/unepmeba.org\/#organization\"},\"potentialAction\":[{\"@type\":\"SearchAction\",\"target\":{\"@type\":\"EntryPoint\",\"urlTemplate\":\"https:\/\/unepmeba.org\/?s={search_term_string}\"},\"query-input\":\"required name=search_term_string\"}],\"inLanguage\":\"fr-FR\"},{\"@type\":\"WebPage\",\"@id\":\"https:\/\/unepmeba.org\/fr\/empreinte\/#webpage\",\"url\":\"https:\/\/unepmeba.org\/fr\/empreinte\/\",\"name\":\"Empreinte : MEbA\",\"isPartOf\":{\"@id\":\"https:\/\/unepmeba.org\/#website\"},\"datePublished\":\"2020-02-13T12:56:34+00:00\",\"dateModified\":\"2020-03-20T18:03:32+00:00\",\"description\":\"MEbA: The Microfinance for Ecosystem-based-Adaptation to Climate Change (MEbA) project was conceived to promote and support the introduction of specific (micro) financial products and services. The main pillars of the projects are (1) the assistance in the development and implementation of new financial products and services tailored to rural populations that are vulnerable to the effects of climate change (e.g. small agricultural producers and other local actors of the North Andean Region); (2) the provision of customized capacity building to Microfinance Institutions (MFIs); and, (3) awareness raising, carrying out training activities which address identified knowledge gaps and meeting MFI client needs to increase climate change resilience with a focus on Ecosystem-based Adaptation via partnerships with key local technical actors. % % %\",\"breadcrumb\":{\"@id\":\"https:\/\/unepmeba.org\/fr\/empreinte\/#breadcrumb\"},\"inLanguage\":\"fr-FR\",\"potentialAction\":[{\"@type\":\"ReadAction\",\"target\":[\"https:\/\/unepmeba.org\/fr\/empreinte\/\"]}]},{\"@type\":\"BreadcrumbList\",\"@id\":\"https:\/\/unepmeba.org\/fr\/empreinte\/#breadcrumb\",\"itemListElement\":[{\"@type\":\"ListItem\",\"position\":1,\"name\":\"Home\",\"item\":\"https:\/\/unepmeba.org\/fr\/accueil\/\"},{\"@type\":\"ListItem\",\"position\":2,\"name\":\"Empreinte\"}]}]}<\/script>\n<!-- \/ Yoast SEO plugin. -->","yoast_head_json":{"title":"Empreinte : MEbA","description":"MEbA: The Microfinance for Ecosystem-based-Adaptation to Climate Change (MEbA) project was conceived to promote and support the introduction of specific (micro) financial products and services. The main pillars of the projects are (1) the assistance in the development and implementation of new financial products and services tailored to rural populations that are vulnerable to the effects of climate change (e.g. small agricultural producers and other local actors of the North Andean Region); (2) the provision of customized capacity building to Microfinance Institutions (MFIs); and, (3) awareness raising, carrying out training activities which address identified knowledge gaps and meeting MFI client needs to increase climate change resilience with a focus on Ecosystem-based Adaptation via partnerships with key local technical actors. % % %","robots":{"index":"noindex","follow":"follow"},"og_locale":"fr_FR","og_type":"article","og_title":"Empreinte : MEbA","og_description":"MEbA: The Microfinance for Ecosystem-based-Adaptation to Climate Change (MEbA) project was conceived to promote and support the introduction of specific (micro) financial products and services. The main pillars of the projects are (1) the assistance in the development and implementation of new financial products and services tailored to rural populations that are vulnerable to the effects of climate change (e.g. small agricultural producers and other local actors of the North Andean Region); (2) the provision of customized capacity building to Microfinance Institutions (MFIs); and, (3) awareness raising, carrying out training activities which address identified knowledge gaps and meeting MFI client needs to increase climate change resilience with a focus on Ecosystem-based Adaptation via partnerships with key local technical actors. % % %","og_url":"https:\/\/unepmeba.org\/fr\/empreinte\/","og_site_name":"MEbA","article_modified_time":"2020-03-20T18:03:32+00:00","twitter_card":"summary_large_image","twitter_misc":{"Dur\u00e9e de lecture est.":"1 minute"},"schema":{"@context":"https:\/\/schema.org","@graph":[{"@type":"Organization","@id":"https:\/\/unepmeba.org\/#organization","name":"UNEP","url":"https:\/\/unepmeba.org\/","sameAs":[],"logo":{"@type":"ImageObject","@id":"https:\/\/unepmeba.org\/#logo","inLanguage":"fr-FR","url":"https:\/\/unepmeba.org\/wp-content\/uploads\/2019\/12\/UNEP_2019_English.png","contentUrl":"https:\/\/unepmeba.org\/wp-content\/uploads\/2019\/12\/UNEP_2019_English.png","width":228,"height":166,"caption":"UNEP"},"image":{"@id":"https:\/\/unepmeba.org\/#logo"}},{"@type":"WebSite","@id":"https:\/\/unepmeba.org\/#website","url":"https:\/\/unepmeba.org\/","name":"MEbA","description":"Microfinance for Ecosystem-based-Adaptation to Climate Change","publisher":{"@id":"https:\/\/unepmeba.org\/#organization"},"potentialAction":[{"@type":"SearchAction","target":{"@type":"EntryPoint","urlTemplate":"https:\/\/unepmeba.org\/?s={search_term_string}"},"query-input":"required name=search_term_string"}],"inLanguage":"fr-FR"},{"@type":"WebPage","@id":"https:\/\/unepmeba.org\/fr\/empreinte\/#webpage","url":"https:\/\/unepmeba.org\/fr\/empreinte\/","name":"Empreinte : MEbA","isPartOf":{"@id":"https:\/\/unepmeba.org\/#website"},"datePublished":"2020-02-13T12:56:34+00:00","dateModified":"2020-03-20T18:03:32+00:00","description":"MEbA: The Microfinance for Ecosystem-based-Adaptation to Climate Change (MEbA) project was conceived to promote and support the introduction of specific (micro) financial products and services. The main pillars of the projects are (1) the assistance in the development and implementation of new financial products and services tailored to rural populations that are vulnerable to the effects of climate change (e.g. small agricultural producers and other local actors of the North Andean Region); (2) the provision of customized capacity building to Microfinance Institutions (MFIs); and, (3) awareness raising, carrying out training activities which address identified knowledge gaps and meeting MFI client needs to increase climate change resilience with a focus on Ecosystem-based Adaptation via partnerships with key local technical actors. % % %","breadcrumb":{"@id":"https:\/\/unepmeba.org\/fr\/empreinte\/#breadcrumb"},"inLanguage":"fr-FR","potentialAction":[{"@type":"ReadAction","target":["https:\/\/unepmeba.org\/fr\/empreinte\/"]}]},{"@type":"BreadcrumbList","@id":"https:\/\/unepmeba.org\/fr\/empreinte\/#breadcrumb","itemListElement":[{"@type":"ListItem","position":1,"name":"Home","item":"https:\/\/unepmeba.org\/fr\/accueil\/"},{"@type":"ListItem","position":2,"name":"Empreinte"}]}]}},"_links":{"self":[{"href":"https:\/\/unepmeba.org\/fr\/wp-json\/wp\/v2\/pages\/1606"}],"collection":[{"href":"https:\/\/unepmeba.org\/fr\/wp-json\/wp\/v2\/pages"}],"about":[{"href":"https:\/\/unepmeba.org\/fr\/wp-json\/wp\/v2\/types\/page"}],"author":[{"embeddable":true,"href":"https:\/\/unepmeba.org\/fr\/wp-json\/wp\/v2\/users\/1"}],"replies":[{"embeddable":true,"href":"https:\/\/unepmeba.org\/fr\/wp-json\/wp\/v2\/comments?post=1606"}],"version-history":[{"count":0,"href":"https:\/\/unepmeba.org\/fr\/wp-json\/wp\/v2\/pages\/1606\/revisions"}],"wp:attachment":[{"href":"https:\/\/unepmeba.org\/fr\/wp-json\/wp\/v2\/media?parent=1606"}],"wp:term":[{"taxonomy":"category","embeddable":true,"href":"https:\/\/unepmeba.org\/fr\/wp-json\/wp\/v2\/categories?post=1606"},{"taxonomy":"post_tag","embeddable":true,"href":"https:\/\/unepmeba.org\/fr\/wp-json\/wp\/v2\/tags?post=1606"}],"curies":[{"name":"wp","href":"https:\/\/api.w.org\/{rel}","templated":true}]}}