{"id":2837,"date":"2021-07-14T18:48:17","date_gmt":"2021-07-14T18:48:17","guid":{"rendered":"https:\/\/unepmeba.org\/?page_id=2837"},"modified":"2021-07-16T08:12:25","modified_gmt":"2021-07-16T08:12:25","slug":"prix-kipepeo-2021","status":"publish","type":"page","link":"https:\/\/unepmeba.org\/fr\/prix-kipepeo-2021\/","title":{"rendered":"Prix Kipepeo 2021"},"content":{"rendered":"<div id=\"cs-content\" class=\"cs-content\"><div class=\"x-section e2837-1 m26t-0 m26t-1 m26t-2\">\n  <div class=\"x-bg\" aria-hidden=\"true\">\n    <div class=\"x-bg-layer-lower-image\" style=\" background-image: url(https:\/\/unepmeba.org\/wp-content\/uploads\/2021\/07\/51200416807_33bf671025_o.jpg); background-repeat: no-repeat; background-position: center; background-size: cover;\"><\/div>      <\/div>\n<div class=\"x-row e2837-2 m26t-7 m26t-8 m26t-9\"><div class=\"x-row-inner\"><div class=\"x-col e2837-3 m26t-b m26t-c\"><div class=\"x-text x-text-headline e2837-4 m26t-f m26t-g\"><div class=\"x-text-content\"><div class=\"x-text-content-text\"><h1 class=\"x-text-content-text-primary\">Prix Kipepeo 2021<\/h1><\/div><\/div><\/div><\/div><div class=\"x-col e2837-5 m26t-b m26t-c m26t-d\"><hr class=\"x-line e2837-6 m26t-i m26t-j\"><\/hr><\/div><\/div><\/div><\/div><div class=\"x-section e2837-7 m26t-0 m26t-2 m26t-3 m26t-4\"><div class=\"x-row x-container max width e2837-8 m26t-7 m26t-9 m26t-a\"><div class=\"x-row-inner\"><div class=\"x-col e2837-9 m26t-b m26t-e\"><div class=\"x-text x-text-headline e2837-10 m26t-g m26t-h\"><div class=\"x-text-content\"><div class=\"x-text-content-text\"><h2 class=\"x-text-content-text-primary\">La microfinance pour l'adaptation remporte le prix Kipepeo pour son impact environnemental en Am\u00e9rique latine et dans les Cara\u00efbes.<\/h2><\/div><\/div><\/div><div class=\"x-text e2837-11 m26t-l m26t-m m26t-n m26t-o\">Le mardi 29 juin, l'initiative Microfinance pour l\u2019Adaptation fond\u00e9e sur les Ecosyst\u00e8mes (MEbA, en anglais) a re\u00e7u le <a href=\"https:\/\/www.unep.org\/technical-highlight\/kipepeo-award-winners-2021\" target=\"_blank\" style=\"color: #fff; text-decoration: underline;\">prix Kipepeo du Programme des Nations Unies<\/a> pour l\u2019Environnement (PNUE). Ce nouveau prix annuel r\u00e9compense les \u00e9quipes et les projets qui font preuve d'efforts et de performances exceptionnels pour atteindre les objectifs du PNUE.<\/div><div class=\"x-text e2837-12 m26t-l m26t-m m26t-n m26t-o\"> Le prix, appartenant \u00e0 la cat\u00e9gorie \"Impact environnemental\", a \u00e9t\u00e9 accept\u00e9 par Marta Moneo, coordinatrice de l'\u00e9quipe d'adaptation au changement climatique, au nom des coll\u00e8gues qui ont con\u00e7u et mis en \u0153uvre le projet. L'initiative MEbA s'est concentr\u00e9e sur l'exploration du potentiel de microcr\u00e9dits pour catalyser les efforts d'adaptation climatique fond\u00e9s sur la nature pour les exploitants agricoles \u00e0 petite \u00e9chelle.<\/div><div class=\"x-text e2837-13 m26t-l m26t-m m26t-o m26t-p\">MEbA a \u00e9t\u00e9 mis en \u0153uvre dans six pays d'Am\u00e9rique latine et des Cara\u00efbes (ALC) : la R\u00e9publique Dominicaine, la Colombie, l'\u00c9quateur, le P\u00e9rou, le Salvador et le Costa Rica. Le projet donne acc\u00e8s \u00e0 des produits et des services de microfinance aux populations rurales vuln\u00e9rables depuis 2012 pour les aider \u00e0 investir dans des solutions fond\u00e9es sur la nature qui conservent et restaurent les services \u00e9cosyst\u00e9miques afin d'am\u00e9liorer les pratiques de production. De cette mani\u00e8re, il a pu augmenter non seulement les revenus des b\u00e9n\u00e9ficiaires, mais \u00e9galement leur r\u00e9silience aux impacts du changement climatique, tels que la s\u00e9cheresse ou les inondations.<\/div><\/div><\/div><\/div><\/div><div class=\"x-section e2837-14 m26t-0 m26t-3 m26t-4 m26t-5\">\n  <div class=\"x-bg\" aria-hidden=\"true\">\n    <div class=\"x-bg-layer-lower-image\" style=\" background-image: url(https:\/\/unepmeba.org\/wp-content\/uploads\/2021\/07\/34456582862_21f341a801_o.jpg); background-repeat: no-repeat; background-position: center; background-size: cover;\"><\/div>      <\/div>\n<div class=\"x-row x-container max width e2837-15 m26t-7 m26t-a\"><div class=\"x-row-inner\"><div class=\"x-col e2837-16 m26t-b m26t-c\"><hr class=\"x-line e2837-17 m26t-j m26t-k\"><\/hr><\/div><\/div><\/div><\/div><div class=\"x-section e2837-18 m26t-0 m26t-2 m26t-3 m26t-6\"><div class=\"x-row x-container max width e2837-19 m26t-7 m26t-9 m26t-a\"><div class=\"x-row-inner\"><div class=\"x-col e2837-20 m26t-b m26t-e\"><div class=\"x-text e2837-21 m26t-l m26t-m m26t-n m26t-q\">\u00c0 ce jour, MEbA a contribu\u00e9 \u00e0 la distribution de pr\u00e8s de 18 000 microcr\u00e9dits avec plus de 30 millions de dollars provenant d'investisseurs priv\u00e9s. Le projet a b\u00e9n\u00e9fici\u00e9 \u00e0 pr\u00e8s de 4 500 agriculteurs et autres producteurs ruraux, dont un tiers de femmes. Ceux-ci ont \u00e9galement eu acc\u00e8s \u00e0 des entra\u00eenement pour l'am\u00e9lioration de la cha\u00eene d'approvisionnement et l\u2019application de solutions fond\u00e9es sur la nature. Parmi les exemples d'investissements figurent les s\u00e9choirs solaires destin\u00e9s \u00e0 am\u00e9liorer le stockage des aliments, les syst\u00e8mes de rotation des cultures, la certification de l'agriculture biologique, l'aquaculture et la production d'engrais biologiques.<\/div><div class=\"x-text e2837-22 m26t-l m26t-m m26t-p m26t-q\">Cependant, ce qui est v\u00e9ritablement transformateur dans l'approche de MEbA, c'est le fait que l'acc\u00e8s et les conditions de pr\u00eats (taux d'int\u00e9r\u00eat, modalit\u00e9s de remboursement, etc.) sont li\u00e9s \u00e0 un certain nombre d'indicateurs, notamment de biodiversit\u00e9 et de capacit\u00e9 d'adaptation, ce qui encourage une meilleure gestion des ressources naturelles, tout en am\u00e9liorant les pratiques de production et r\u00e9duisant la vuln\u00e9rabilit\u00e9 climatique. Cette combinaison de m\u00e9canismes de financement novateurs et d'adaptation fond\u00e9e sur les \u00e9cosyst\u00e8mes a connu un tel succ\u00e8s qu'elle est \u00e9galement mise en \u0153uvre dans deux pays africains, le S\u00e9n\u00e9gal et le B\u00e9nin, et qu'elle est r\u00e9pliqu\u00e9e dans d'autres pays d'Afrique et d'Am\u00e9rique Latine. L'initiative MEbA du PNUE a re\u00e7u le soutien financier du gouvernement allemand dans le cadre de m\u00e9canismes de financement climatique nomm\u00e9s IKI.<\/div><\/div><\/div><\/div><\/div><div class=\"x-section e2837-23 m26t-0 m26t-3 m26t-4 m26t-5\"><div class=\"x-row x-container max width e2837-24 m26t-7 m26t-9 m26t-a\"><div class=\"x-row-inner\"><div class=\"x-col e2837-25 m26t-b m26t-c\"><div class=\"x-text e2837-26 m26t-m m26t-o m26t-p m26t-r m26t-s\">\u00c9tant donn\u00e9 la signification de Kipepeo, le mot swahili pour papillon, un animal connu comme symbole de transformation et de renouveau, le travail de MEBA incarne vraiment l'esprit de cette r\u00e9compense et est un exemple de l'action \u00e0 grande \u00e9chelle n\u00e9cessaire pour assurer la prosp\u00e9rit\u00e9 humaine face \u00e0 des impacts climatiques de plus en plus graves.<\/div><div class=\"x-text e2837-27 m26t-m m26t-o m26t-r m26t-t\">\u00c9quipe MEBA : Piedad Martin, Marta Moneo Lain, Gustavo Ma\u00f1ez Gomis, Laura Ortega, Evelyn Madrid, Agustin Matteri. Il y avait quatres autres personnes qui ne travaillent plus au PNUE : Jacinto Buenfil, Jessica Zapata, Ramiro Salina, et Christoph Jungfleisch.<\/div><\/div><\/div><\/div><\/div><\/div>\n","protected":false},"excerpt":{"rendered":"<p>Prix Kipepeo 2021La microfinance pour l&rsquo;adaptation remporte le prix Kipepeo pour son impact environnemental en Am\u00e9rique latine et dans les Cara\u00efbes.Le mardi 29 juin, l&rsquo;initiative Microfinance pour l\u2019Adaptation fond\u00e9e sur les Ecosyst\u00e8mes (MEbA, en anglais) a re\u00e7u le prix Kipepeo du Programme des Nations Unies pour l\u2019Environnement (PNUE). Ce nouveau prix annuel r\u00e9compense les \u00e9quipes et les projets qui font &#8230; <\/p>\n<div><a href=\"https:\/\/unepmeba.org\/fr\/prix-kipepeo-2021\/\" class=\"more-link\">Read More<\/a><\/div>\n","protected":false},"author":1,"featured_media":0,"parent":0,"menu_order":5,"comment_status":"closed","ping_status":"closed","template":"template-blank-4.php","meta":{"mapsvg_location":""},"categories":[],"tags":[],"yoast_head":"<!-- This site is optimized with the Yoast SEO plugin v17.1 - https:\/\/yoast.com\/wordpress\/plugins\/seo\/ -->\n<title>Prix Kipepeo 2021 : MEbA<\/title>\n<meta name=\"description\" content=\"MEbA: The Microfinance for Ecosystem-based-Adaptation to Climate Change (MEbA) project was conceived to promote and support the introduction of specific (micro) financial products and services. The main pillars of the projects are (1) the assistance in the development and implementation of new financial products and services tailored to rural populations that are vulnerable to the effects of climate change (e.g. small agricultural producers and other local actors of the North Andean Region); (2) the provision of customized capacity building to Microfinance Institutions (MFIs); and, (3) awareness raising, carrying out training activities which address identified knowledge gaps and meeting MFI client needs to increase climate change resilience with a focus on Ecosystem-based Adaptation via partnerships with key local technical actors. % % %\" \/>\n<meta name=\"robots\" content=\"noindex, nofollow\" \/>\n<meta property=\"og:locale\" content=\"fr_FR\" \/>\n<meta property=\"og:type\" content=\"article\" \/>\n<meta property=\"og:title\" content=\"Prix Kipepeo 2021 : MEbA\" \/>\n<meta property=\"og:description\" content=\"MEbA: The Microfinance for Ecosystem-based-Adaptation to Climate Change (MEbA) project was conceived to promote and support the introduction of specific (micro) financial products and services. The main pillars of the projects are (1) the assistance in the development and implementation of new financial products and services tailored to rural populations that are vulnerable to the effects of climate change (e.g. small agricultural producers and other local actors of the North Andean Region); (2) the provision of customized capacity building to Microfinance Institutions (MFIs); and, (3) awareness raising, carrying out training activities which address identified knowledge gaps and meeting MFI client needs to increase climate change resilience with a focus on Ecosystem-based Adaptation via partnerships with key local technical actors. % % %\" \/>\n<meta property=\"og:url\" content=\"https:\/\/unepmeba.org\/fr\/prix-kipepeo-2021\/\" \/>\n<meta property=\"og:site_name\" content=\"MEbA\" \/>\n<meta property=\"article:modified_time\" content=\"2021-07-16T08:12:25+00:00\" \/>\n<meta name=\"twitter:card\" content=\"summary_large_image\" \/>\n<meta name=\"twitter:label1\" content=\"Dur\u00e9e de lecture est.\" \/>\n\t<meta name=\"twitter:data1\" content=\"4 minutes\" \/>\n<script type=\"application\/ld+json\" class=\"yoast-schema-graph\">{\"@context\":\"https:\/\/schema.org\",\"@graph\":[{\"@type\":\"Organization\",\"@id\":\"https:\/\/unepmeba.org\/#organization\",\"name\":\"UNEP\",\"url\":\"https:\/\/unepmeba.org\/\",\"sameAs\":[],\"logo\":{\"@type\":\"ImageObject\",\"@id\":\"https:\/\/unepmeba.org\/#logo\",\"inLanguage\":\"fr-FR\",\"url\":\"https:\/\/unepmeba.org\/wp-content\/uploads\/2019\/12\/UNEP_2019_English.png\",\"contentUrl\":\"https:\/\/unepmeba.org\/wp-content\/uploads\/2019\/12\/UNEP_2019_English.png\",\"width\":228,\"height\":166,\"caption\":\"UNEP\"},\"image\":{\"@id\":\"https:\/\/unepmeba.org\/#logo\"}},{\"@type\":\"WebSite\",\"@id\":\"https:\/\/unepmeba.org\/#website\",\"url\":\"https:\/\/unepmeba.org\/\",\"name\":\"MEbA\",\"description\":\"Microfinance for Ecosystem-based-Adaptation to Climate Change\",\"publisher\":{\"@id\":\"https:\/\/unepmeba.org\/#organization\"},\"potentialAction\":[{\"@type\":\"SearchAction\",\"target\":{\"@type\":\"EntryPoint\",\"urlTemplate\":\"https:\/\/unepmeba.org\/?s={search_term_string}\"},\"query-input\":\"required name=search_term_string\"}],\"inLanguage\":\"fr-FR\"},{\"@type\":\"WebPage\",\"@id\":\"https:\/\/unepmeba.org\/fr\/prix-kipepeo-2021\/#webpage\",\"url\":\"https:\/\/unepmeba.org\/fr\/prix-kipepeo-2021\/\",\"name\":\"Prix Kipepeo 2021 : MEbA\",\"isPartOf\":{\"@id\":\"https:\/\/unepmeba.org\/#website\"},\"datePublished\":\"2021-07-14T18:48:17+00:00\",\"dateModified\":\"2021-07-16T08:12:25+00:00\",\"description\":\"MEbA: The Microfinance for Ecosystem-based-Adaptation to Climate Change (MEbA) project was conceived to promote and support the introduction of specific (micro) financial products and services. The main pillars of the projects are (1) the assistance in the development and implementation of new financial products and services tailored to rural populations that are vulnerable to the effects of climate change (e.g. small agricultural producers and other local actors of the North Andean Region); (2) the provision of customized capacity building to Microfinance Institutions (MFIs); and, (3) awareness raising, carrying out training activities which address identified knowledge gaps and meeting MFI client needs to increase climate change resilience with a focus on Ecosystem-based Adaptation via partnerships with key local technical actors. % % %\",\"breadcrumb\":{\"@id\":\"https:\/\/unepmeba.org\/fr\/prix-kipepeo-2021\/#breadcrumb\"},\"inLanguage\":\"fr-FR\",\"potentialAction\":[{\"@type\":\"ReadAction\",\"target\":[\"https:\/\/unepmeba.org\/fr\/prix-kipepeo-2021\/\"]}]},{\"@type\":\"BreadcrumbList\",\"@id\":\"https:\/\/unepmeba.org\/fr\/prix-kipepeo-2021\/#breadcrumb\",\"itemListElement\":[{\"@type\":\"ListItem\",\"position\":1,\"name\":\"Home\",\"item\":\"https:\/\/unepmeba.org\/fr\/accueil\/\"},{\"@type\":\"ListItem\",\"position\":2,\"name\":\"Prix Kipepeo 2021\"}]}]}<\/script>\n<!-- \/ Yoast SEO plugin. -->","yoast_head_json":{"title":"Prix Kipepeo 2021 : MEbA","description":"MEbA: The Microfinance for Ecosystem-based-Adaptation to Climate Change (MEbA) project was conceived to promote and support the introduction of specific (micro) financial products and services. The main pillars of the projects are (1) the assistance in the development and implementation of new financial products and services tailored to rural populations that are vulnerable to the effects of climate change (e.g. small agricultural producers and other local actors of the North Andean Region); (2) the provision of customized capacity building to Microfinance Institutions (MFIs); and, (3) awareness raising, carrying out training activities which address identified knowledge gaps and meeting MFI client needs to increase climate change resilience with a focus on Ecosystem-based Adaptation via partnerships with key local technical actors. % % %","robots":{"index":"noindex","follow":"nofollow"},"og_locale":"fr_FR","og_type":"article","og_title":"Prix Kipepeo 2021 : MEbA","og_description":"MEbA: The Microfinance for Ecosystem-based-Adaptation to Climate Change (MEbA) project was conceived to promote and support the introduction of specific (micro) financial products and services. The main pillars of the projects are (1) the assistance in the development and implementation of new financial products and services tailored to rural populations that are vulnerable to the effects of climate change (e.g. small agricultural producers and other local actors of the North Andean Region); (2) the provision of customized capacity building to Microfinance Institutions (MFIs); and, (3) awareness raising, carrying out training activities which address identified knowledge gaps and meeting MFI client needs to increase climate change resilience with a focus on Ecosystem-based Adaptation via partnerships with key local technical actors. % % %","og_url":"https:\/\/unepmeba.org\/fr\/prix-kipepeo-2021\/","og_site_name":"MEbA","article_modified_time":"2021-07-16T08:12:25+00:00","twitter_card":"summary_large_image","twitter_misc":{"Dur\u00e9e de lecture est.":"4 minutes"},"schema":{"@context":"https:\/\/schema.org","@graph":[{"@type":"Organization","@id":"https:\/\/unepmeba.org\/#organization","name":"UNEP","url":"https:\/\/unepmeba.org\/","sameAs":[],"logo":{"@type":"ImageObject","@id":"https:\/\/unepmeba.org\/#logo","inLanguage":"fr-FR","url":"https:\/\/unepmeba.org\/wp-content\/uploads\/2019\/12\/UNEP_2019_English.png","contentUrl":"https:\/\/unepmeba.org\/wp-content\/uploads\/2019\/12\/UNEP_2019_English.png","width":228,"height":166,"caption":"UNEP"},"image":{"@id":"https:\/\/unepmeba.org\/#logo"}},{"@type":"WebSite","@id":"https:\/\/unepmeba.org\/#website","url":"https:\/\/unepmeba.org\/","name":"MEbA","description":"Microfinance for Ecosystem-based-Adaptation to Climate Change","publisher":{"@id":"https:\/\/unepmeba.org\/#organization"},"potentialAction":[{"@type":"SearchAction","target":{"@type":"EntryPoint","urlTemplate":"https:\/\/unepmeba.org\/?s={search_term_string}"},"query-input":"required name=search_term_string"}],"inLanguage":"fr-FR"},{"@type":"WebPage","@id":"https:\/\/unepmeba.org\/fr\/prix-kipepeo-2021\/#webpage","url":"https:\/\/unepmeba.org\/fr\/prix-kipepeo-2021\/","name":"Prix Kipepeo 2021 : MEbA","isPartOf":{"@id":"https:\/\/unepmeba.org\/#website"},"datePublished":"2021-07-14T18:48:17+00:00","dateModified":"2021-07-16T08:12:25+00:00","description":"MEbA: The Microfinance for Ecosystem-based-Adaptation to Climate Change (MEbA) project was conceived to promote and support the introduction of specific (micro) financial products and services. The main pillars of the projects are (1) the assistance in the development and implementation of new financial products and services tailored to rural populations that are vulnerable to the effects of climate change (e.g. small agricultural producers and other local actors of the North Andean Region); (2) the provision of customized capacity building to Microfinance Institutions (MFIs); and, (3) awareness raising, carrying out training activities which address identified knowledge gaps and meeting MFI client needs to increase climate change resilience with a focus on Ecosystem-based Adaptation via partnerships with key local technical actors. % % %","breadcrumb":{"@id":"https:\/\/unepmeba.org\/fr\/prix-kipepeo-2021\/#breadcrumb"},"inLanguage":"fr-FR","potentialAction":[{"@type":"ReadAction","target":["https:\/\/unepmeba.org\/fr\/prix-kipepeo-2021\/"]}]},{"@type":"BreadcrumbList","@id":"https:\/\/unepmeba.org\/fr\/prix-kipepeo-2021\/#breadcrumb","itemListElement":[{"@type":"ListItem","position":1,"name":"Home","item":"https:\/\/unepmeba.org\/fr\/accueil\/"},{"@type":"ListItem","position":2,"name":"Prix Kipepeo 2021"}]}]}},"_links":{"self":[{"href":"https:\/\/unepmeba.org\/fr\/wp-json\/wp\/v2\/pages\/2837"}],"collection":[{"href":"https:\/\/unepmeba.org\/fr\/wp-json\/wp\/v2\/pages"}],"about":[{"href":"https:\/\/unepmeba.org\/fr\/wp-json\/wp\/v2\/types\/page"}],"author":[{"embeddable":true,"href":"https:\/\/unepmeba.org\/fr\/wp-json\/wp\/v2\/users\/1"}],"replies":[{"embeddable":true,"href":"https:\/\/unepmeba.org\/fr\/wp-json\/wp\/v2\/comments?post=2837"}],"version-history":[{"count":4,"href":"https:\/\/unepmeba.org\/fr\/wp-json\/wp\/v2\/pages\/2837\/revisions"}],"predecessor-version":[{"id":2871,"href":"https:\/\/unepmeba.org\/fr\/wp-json\/wp\/v2\/pages\/2837\/revisions\/2871"}],"wp:attachment":[{"href":"https:\/\/unepmeba.org\/fr\/wp-json\/wp\/v2\/media?parent=2837"}],"wp:term":[{"taxonomy":"category","embeddable":true,"href":"https:\/\/unepmeba.org\/fr\/wp-json\/wp\/v2\/categories?post=2837"},{"taxonomy":"post_tag","embeddable":true,"href":"https:\/\/unepmeba.org\/fr\/wp-json\/wp\/v2\/tags?post=2837"}],"curies":[{"name":"wp","href":"https:\/\/api.w.org\/{rel}","templated":true}]}}